{"id":129,"date":"2024-09-28T19:24:02","date_gmt":"2024-09-28T19:24:02","guid":{"rendered":"https:\/\/www.ugaldemoda.com\/?page_id=129"},"modified":"2024-09-28T19:35:16","modified_gmt":"2024-09-28T19:35:16","slug":"quienes-somos","status":"publish","type":"page","link":"https:\/\/www.ugaldemoda.com\/index.php\/quienes-somos\/","title":{"rendered":"Quienes Somos"},"content":{"rendered":"\t\t<div data-elementor-type=\"wp-page\" data-elementor-id=\"129\" class=\"elementor elementor-129\">\n\t\t\t\t<div class=\"elementor-element elementor-element-47e66e08 e-flex e-con-boxed e-con e-parent\" data-id=\"47e66e08\" data-element_type=\"container\" data-e-type=\"container\">\n\t\t\t\t\t<div class=\"e-con-inner\">\n\t\t\t\t<div class=\"elementor-element elementor-element-42659966 elementor-widget elementor-widget-image\" data-id=\"42659966\" data-element_type=\"widget\" data-e-type=\"widget\" data-widget_type=\"image.default\">\n\t\t\t\t<div class=\"elementor-widget-container\">\n\t\t\t\t\t\t\t\t\t\t\t\t\t\t\t<img fetchpriority=\"high\" decoding=\"async\" width=\"800\" height=\"508\" src=\"https:\/\/www.ugaldemoda.com\/wp-content\/uploads\/2024\/09\/PHOTO-2024-09-27-16-45-54-5-1024x650.jpg\" class=\"attachment-large size-large wp-image-132\" alt=\"\" srcset=\"https:\/\/www.ugaldemoda.com\/wp-content\/uploads\/2024\/09\/PHOTO-2024-09-27-16-45-54-5-1024x650.jpg 1024w, https:\/\/www.ugaldemoda.com\/wp-content\/uploads\/2024\/09\/PHOTO-2024-09-27-16-45-54-5-300x190.jpg 300w, https:\/\/www.ugaldemoda.com\/wp-content\/uploads\/2024\/09\/PHOTO-2024-09-27-16-45-54-5-768x487.jpg 768w, https:\/\/www.ugaldemoda.com\/wp-content\/uploads\/2024\/09\/PHOTO-2024-09-27-16-45-54-5-1536x974.jpg 1536w, https:\/\/www.ugaldemoda.com\/wp-content\/uploads\/2024\/09\/PHOTO-2024-09-27-16-45-54-5.jpg 1600w\" sizes=\"(max-width: 800px) 100vw, 800px\" \/>\t\t\t\t\t\t\t\t\t\t\t\t\t\t\t<\/div>\n\t\t\t\t<\/div>\n\t\t\t\t\t<\/div>\n\t\t\t\t<\/div>\n\t\t<div class=\"elementor-element elementor-element-821da8e e-flex e-con-boxed e-con e-parent\" data-id=\"821da8e\" data-element_type=\"container\" data-e-type=\"container\">\n\t\t\t\t\t<div class=\"e-con-inner\">\n\t\t\t\t<div class=\"elementor-element elementor-element-9cb08f7 elementor-widget elementor-widget-spacer\" data-id=\"9cb08f7\" data-element_type=\"widget\" data-e-type=\"widget\" data-widget_type=\"spacer.default\">\n\t\t\t\t<div class=\"elementor-widget-container\">\n\t\t\t\t\t\t\t<div class=\"elementor-spacer\">\n\t\t\t<div class=\"elementor-spacer-inner\"><\/div>\n\t\t<\/div>\n\t\t\t\t\t\t<\/div>\n\t\t\t\t<\/div>\n\t\t\t\t<div class=\"elementor-element elementor-element-19f4046 elementor-widget elementor-widget-heading\" data-id=\"19f4046\" data-element_type=\"widget\" data-e-type=\"widget\" data-widget_type=\"heading.default\">\n\t\t\t\t<div class=\"elementor-widget-container\">\n\t\t\t\t\t<h2 class=\"elementor-heading-title elementor-size-default\">QUIENES SOMOS<\/h2>\t\t\t\t<\/div>\n\t\t\t\t<\/div>\n\t\t\t\t<div class=\"elementor-element elementor-element-99661a2 elementor-widget elementor-widget-spacer\" data-id=\"99661a2\" data-element_type=\"widget\" data-e-type=\"widget\" data-widget_type=\"spacer.default\">\n\t\t\t\t<div class=\"elementor-widget-container\">\n\t\t\t\t\t\t\t<div class=\"elementor-spacer\">\n\t\t\t<div class=\"elementor-spacer-inner\"><\/div>\n\t\t<\/div>\n\t\t\t\t\t\t<\/div>\n\t\t\t\t<\/div>\n\t\t\t\t<div class=\"elementor-element elementor-element-88315f1 elementor-widget elementor-widget-heading\" data-id=\"88315f1\" data-element_type=\"widget\" data-e-type=\"widget\" data-widget_type=\"heading.default\">\n\t\t\t\t<div class=\"elementor-widget-container\">\n\t\t\t\t\t<h2 class=\"elementor-heading-title elementor-size-default\">\"La moda es nuestra pasi\u00f3n, y la compartimos contigo desde 1977\".<\/h2>\t\t\t\t<\/div>\n\t\t\t\t<\/div>\n\t\t\t\t\t<\/div>\n\t\t\t\t<\/div>\n\t\t<div class=\"elementor-element elementor-element-cbf5e7f e-flex e-con-boxed e-con e-parent\" data-id=\"cbf5e7f\" data-element_type=\"container\" data-e-type=\"container\">\n\t\t\t\t\t<div class=\"e-con-inner\">\n\t\t\t\t<div class=\"elementor-element elementor-element-c0be434 elementor-widget elementor-widget-text-editor\" data-id=\"c0be434\" data-element_type=\"widget\" data-e-type=\"widget\" data-widget_type=\"text-editor.default\">\n\t\t\t\t<div class=\"elementor-widget-container\">\n\t\t\t\t\t\t\t\t\t<p><span>En Ugalde, la moda no es solo una cuesti\u00f3n de estilo, es una forma de vida. Desde nuestros primeros pasos en la industria hasta nuestro crecimiento en San Sebasti\u00e1n en 1977, hemos mantenido una pasi\u00f3n inquebrantable por la moda, y hoy queremos compartirla contigo.<\/span><\/p><p><span>Te invitamos a descubrir lo mejor de la moda italiana sin salir de Donostia. En Ugalde, cada prenda y accesorio est\u00e1 cuidadosamente seleccionado para que te sientas como en la primera fila de la pasarela de Mil\u00e1n. Con m\u00e1s de 60 a\u00f1os visitando a los donostiarras, nuestro compromiso es ofrecerte una experiencia \u00fanica, llena de estilo, exclusividad y atenci\u00f3n personalizada.<\/span><\/p>\t\t\t\t\t\t\t\t<\/div>\n\t\t\t\t<\/div>\n\t\t\t\t\t<\/div>\n\t\t\t\t<\/div>\n\t\t<div class=\"elementor-element elementor-element-50c8278 e-flex e-con-boxed e-con e-parent\" data-id=\"50c8278\" data-element_type=\"container\" data-e-type=\"container\">\n\t\t\t\t\t<div class=\"e-con-inner\">\n\t\t\t\t<div class=\"elementor-element elementor-element-ae8b6c3 elementor-widget elementor-widget-spacer\" data-id=\"ae8b6c3\" data-element_type=\"widget\" data-e-type=\"widget\" data-widget_type=\"spacer.default\">\n\t\t\t\t<div class=\"elementor-widget-container\">\n\t\t\t\t\t\t\t<div class=\"elementor-spacer\">\n\t\t\t<div class=\"elementor-spacer-inner\"><\/div>\n\t\t<\/div>\n\t\t\t\t\t\t<\/div>\n\t\t\t\t<\/div>\n\t\t\t\t\t<\/div>\n\t\t\t\t<\/div>\n\t\t<div class=\"elementor-element elementor-element-f93c00e e-flex e-con-boxed e-con e-parent\" data-id=\"f93c00e\" data-element_type=\"container\" data-e-type=\"container\">\n\t\t\t\t\t<div class=\"e-con-inner\">\n\t\t<div class=\"elementor-element elementor-element-6c81924 e-con-full e-flex e-con e-child\" data-id=\"6c81924\" data-element_type=\"container\" data-e-type=\"container\">\n\t\t\t\t<div class=\"elementor-element elementor-element-4d21a17 elementor-widget elementor-widget-image\" data-id=\"4d21a17\" data-element_type=\"widget\" data-e-type=\"widget\" data-widget_type=\"image.default\">\n\t\t\t\t<div class=\"elementor-widget-container\">\n\t\t\t\t\t\t\t\t\t\t\t\t\t\t\t<img decoding=\"async\" width=\"800\" height=\"600\" src=\"https:\/\/www.ugaldemoda.com\/wp-content\/uploads\/2024\/09\/IMG_8599-1024x768.jpg\" class=\"attachment-large size-large wp-image-133\" alt=\"\" srcset=\"https:\/\/www.ugaldemoda.com\/wp-content\/uploads\/2024\/09\/IMG_8599-1024x768.jpg 1024w, https:\/\/www.ugaldemoda.com\/wp-content\/uploads\/2024\/09\/IMG_8599-300x225.jpg 300w, https:\/\/www.ugaldemoda.com\/wp-content\/uploads\/2024\/09\/IMG_8599-768x576.jpg 768w, https:\/\/www.ugaldemoda.com\/wp-content\/uploads\/2024\/09\/IMG_8599-1536x1152.jpg 1536w, https:\/\/www.ugaldemoda.com\/wp-content\/uploads\/2024\/09\/IMG_8599-2048x1536.jpg 2048w\" sizes=\"(max-width: 800px) 100vw, 800px\" \/>\t\t\t\t\t\t\t\t\t\t\t\t\t\t\t<\/div>\n\t\t\t\t<\/div>\n\t\t\t\t<\/div>\n\t\t<div class=\"elementor-element elementor-element-38398f5 e-con-full e-flex e-con e-child\" data-id=\"38398f5\" data-element_type=\"container\" data-e-type=\"container\">\n\t\t\t\t<div class=\"elementor-element elementor-element-5d5a397 elementor-widget elementor-widget-image\" data-id=\"5d5a397\" data-element_type=\"widget\" data-e-type=\"widget\" data-widget_type=\"image.default\">\n\t\t\t\t<div class=\"elementor-widget-container\">\n\t\t\t\t\t\t\t\t\t\t\t\t\t\t\t<img decoding=\"async\" width=\"800\" height=\"600\" src=\"https:\/\/www.ugaldemoda.com\/wp-content\/uploads\/2024\/09\/WhatsApp-Image-2024-09-27-at-16.48.29-1-1024x768.jpeg\" class=\"attachment-large size-large wp-image-24\" alt=\"\" srcset=\"https:\/\/www.ugaldemoda.com\/wp-content\/uploads\/2024\/09\/WhatsApp-Image-2024-09-27-at-16.48.29-1-1024x768.jpeg 1024w, https:\/\/www.ugaldemoda.com\/wp-content\/uploads\/2024\/09\/WhatsApp-Image-2024-09-27-at-16.48.29-1-300x225.jpeg 300w, https:\/\/www.ugaldemoda.com\/wp-content\/uploads\/2024\/09\/WhatsApp-Image-2024-09-27-at-16.48.29-1-768x576.jpeg 768w, https:\/\/www.ugaldemoda.com\/wp-content\/uploads\/2024\/09\/WhatsApp-Image-2024-09-27-at-16.48.29-1-1536x1152.jpeg 1536w, https:\/\/www.ugaldemoda.com\/wp-content\/uploads\/2024\/09\/WhatsApp-Image-2024-09-27-at-16.48.29-1.jpeg 1600w\" sizes=\"(max-width: 800px) 100vw, 800px\" \/>\t\t\t\t\t\t\t\t\t\t\t\t\t\t\t<\/div>\n\t\t\t\t<\/div>\n\t\t\t\t<\/div>\n\t\t\t\t\t<\/div>\n\t\t\t\t<\/div>\n\t\t<div class=\"elementor-element elementor-element-8fbc180 e-flex e-con-boxed e-con e-parent\" data-id=\"8fbc180\" data-element_type=\"container\" data-e-type=\"container\">\n\t\t\t\t\t<div class=\"e-con-inner\">\n\t\t\t\t<div class=\"elementor-element elementor-element-748feca elementor-widget elementor-widget-spacer\" data-id=\"748feca\" data-element_type=\"widget\" data-e-type=\"widget\" data-widget_type=\"spacer.default\">\n\t\t\t\t<div class=\"elementor-widget-container\">\n\t\t\t\t\t\t\t<div class=\"elementor-spacer\">\n\t\t\t<div class=\"elementor-spacer-inner\"><\/div>\n\t\t<\/div>\n\t\t\t\t\t\t<\/div>\n\t\t\t\t<\/div>\n\t\t\t\t\t<\/div>\n\t\t\t\t<\/div>\n\t\t<div class=\"elementor-element elementor-element-2bea24de e-flex e-con-boxed e-con e-parent\" data-id=\"2bea24de\" data-element_type=\"container\" data-e-type=\"container\">\n\t\t\t\t\t<div class=\"e-con-inner\">\n\t\t<div class=\"elementor-element elementor-element-3e55f97c e-con-full e-flex e-con e-child\" data-id=\"3e55f97c\" data-element_type=\"container\" data-e-type=\"container\">\n\t\t\t\t<div class=\"elementor-element elementor-element-266319c2 elementor-widget elementor-widget-spacer\" data-id=\"266319c2\" data-element_type=\"widget\" data-e-type=\"widget\" data-widget_type=\"spacer.default\">\n\t\t\t\t<div class=\"elementor-widget-container\">\n\t\t\t\t\t\t\t<div class=\"elementor-spacer\">\n\t\t\t<div class=\"elementor-spacer-inner\"><\/div>\n\t\t<\/div>\n\t\t\t\t\t\t<\/div>\n\t\t\t\t<\/div>\n\t\t\t\t<div class=\"elementor-element elementor-element-446c994d elementor-widget elementor-widget-heading\" data-id=\"446c994d\" data-element_type=\"widget\" data-e-type=\"widget\" data-widget_type=\"heading.default\">\n\t\t\t\t<div class=\"elementor-widget-container\">\n\t\t\t\t\t<h2 class=\"elementor-heading-title elementor-size-default\">Donde estamos<\/h2>\t\t\t\t<\/div>\n\t\t\t\t<\/div>\n\t\t\t\t<div class=\"elementor-element elementor-element-490a7004 elementor-widget elementor-widget-text-editor\" data-id=\"490a7004\" data-element_type=\"widget\" data-e-type=\"widget\" data-widget_type=\"text-editor.default\">\n\t\t\t\t<div class=\"elementor-widget-container\">\n\t\t\t\t\t\t\t\t\tZaragoza Plaza, 2, 20007 Donostia, Gipuzkoa<br>Tel.:943 42 81 72<br>Email: ugalde@ugalde.com\t\t\t\t\t\t\t\t<\/div>\n\t\t\t\t<\/div>\n\t\t\t\t<div class=\"elementor-element elementor-element-34f0f145 e-grid-align-left elementor-shape-rounded elementor-grid-0 elementor-widget elementor-widget-social-icons\" data-id=\"34f0f145\" data-element_type=\"widget\" data-e-type=\"widget\" data-widget_type=\"social-icons.default\">\n\t\t\t\t<div class=\"elementor-widget-container\">\n\t\t\t\t\t\t\t<div class=\"elementor-social-icons-wrapper elementor-grid\" role=\"list\">\n\t\t\t\t\t\t\t<span class=\"elementor-grid-item\" role=\"listitem\">\n\t\t\t\t\t<a class=\"elementor-icon elementor-social-icon elementor-social-icon-facebook elementor-animation-bounce-in elementor-repeater-item-0c95038\" target=\"_blank\">\n\t\t\t\t\t\t<span class=\"elementor-screen-only\">Facebook<\/span>\n\t\t\t\t\t\t<svg aria-hidden=\"true\" class=\"e-font-icon-svg e-fab-facebook\" viewBox=\"0 0 512 512\" xmlns=\"http:\/\/www.w3.org\/2000\/svg\"><path d=\"M504 256C504 119 393 8 256 8S8 119 8 256c0 123.78 90.69 226.38 209.25 245V327.69h-63V256h63v-54.64c0-62.15 37-96.48 93.67-96.48 27.14 0 55.52 4.84 55.52 4.84v61h-31.28c-30.8 0-40.41 19.12-40.41 38.73V256h68.78l-11 71.69h-57.78V501C413.31 482.38 504 379.78 504 256z\"><\/path><\/svg>\t\t\t\t\t<\/a>\n\t\t\t\t<\/span>\n\t\t\t\t\t\t\t<span class=\"elementor-grid-item\" role=\"listitem\">\n\t\t\t\t\t<a class=\"elementor-icon elementor-social-icon elementor-social-icon-instagram elementor-animation-bounce-in elementor-repeater-item-75b30b9\" href=\"https:\/\/www.instagram.com\/\" target=\"_blank\">\n\t\t\t\t\t\t<span class=\"elementor-screen-only\">Instagram<\/span>\n\t\t\t\t\t\t<svg aria-hidden=\"true\" class=\"e-font-icon-svg e-fab-instagram\" viewBox=\"0 0 448 512\" xmlns=\"http:\/\/www.w3.org\/2000\/svg\"><path d=\"M224.1 141c-63.6 0-114.9 51.3-114.9 114.9s51.3 114.9 114.9 114.9S339 319.5 339 255.9 287.7 141 224.1 141zm0 189.6c-41.1 0-74.7-33.5-74.7-74.7s33.5-74.7 74.7-74.7 74.7 33.5 74.7 74.7-33.6 74.7-74.7 74.7zm146.4-194.3c0 14.9-12 26.8-26.8 26.8-14.9 0-26.8-12-26.8-26.8s12-26.8 26.8-26.8 26.8 12 26.8 26.8zm76.1 27.2c-1.7-35.9-9.9-67.7-36.2-93.9-26.2-26.2-58-34.4-93.9-36.2-37-2.1-147.9-2.1-184.9 0-35.8 1.7-67.6 9.9-93.9 36.1s-34.4 58-36.2 93.9c-2.1 37-2.1 147.9 0 184.9 1.7 35.9 9.9 67.7 36.2 93.9s58 34.4 93.9 36.2c37 2.1 147.9 2.1 184.9 0 35.9-1.7 67.7-9.9 93.9-36.2 26.2-26.2 34.4-58 36.2-93.9 2.1-37 2.1-147.8 0-184.8zM398.8 388c-7.8 19.6-22.9 34.7-42.6 42.6-29.5 11.7-99.5 9-132.1 9s-102.7 2.6-132.1-9c-19.6-7.8-34.7-22.9-42.6-42.6-11.7-29.5-9-99.5-9-132.1s-2.6-102.7 9-132.1c7.8-19.6 22.9-34.7 42.6-42.6 29.5-11.7 99.5-9 132.1-9s102.7-2.6 132.1 9c19.6 7.8 34.7 22.9 42.6 42.6 11.7 29.5 9 99.5 9 132.1s2.7 102.7-9 132.1z\"><\/path><\/svg>\t\t\t\t\t<\/a>\n\t\t\t\t<\/span>\n\t\t\t\t\t<\/div>\n\t\t\t\t\t\t<\/div>\n\t\t\t\t<\/div>\n\t\t\t\t<\/div>\n\t\t<div class=\"elementor-element elementor-element-12387b47 e-con-full e-flex e-con e-child\" data-id=\"12387b47\" data-element_type=\"container\" data-e-type=\"container\">\n\t\t\t\t<div class=\"elementor-element elementor-element-20a60fd0 elementor-widget elementor-widget-google_maps\" data-id=\"20a60fd0\" data-element_type=\"widget\" data-e-type=\"widget\" data-widget_type=\"google_maps.default\">\n\t\t\t\t<div class=\"elementor-widget-container\">\n\t\t\t\t\t\t\t<div class=\"elementor-custom-embed\">\n\t\t\t<iframe loading=\"lazy\"\n\t\t\t\t\tsrc=\"https:\/\/maps.google.com\/maps?q=Zaragoza%20Plaza%2C%202%2C%2020007%20Donostia%2C%20Gipuzkoa&#038;t=m&#038;z=16&#038;output=embed&#038;iwloc=near\"\n\t\t\t\t\ttitle=\"Zaragoza Plaza, 2, 20007 Donostia, Gipuzkoa\"\n\t\t\t\t\taria-label=\"Zaragoza Plaza, 2, 20007 Donostia, Gipuzkoa\"\n\t\t\t><\/iframe>\n\t\t<\/div>\n\t\t\t\t\t\t<\/div>\n\t\t\t\t<\/div>\n\t\t\t\t<\/div>\n\t\t\t\t\t<\/div>\n\t\t\t\t<\/div>\n\t\t\t\t<\/div>\n\t\t","protected":false},"excerpt":{"rendered":"<p>QUIENES SOMOS &#8220;La moda es nuestra pasi\u00f3n, y la compartimos contigo desde 1977&#8221;. En Ugalde, la moda no es solo una cuesti\u00f3n de estilo, es una forma de vida. Desde nuestros primeros pasos en la industria hasta nuestro crecimiento en San Sebasti\u00e1n en 1977, hemos mantenido una pasi\u00f3n inquebrantable por la moda, y hoy queremos [&hellip;]<\/p>\n","protected":false},"author":1,"featured_media":0,"parent":0,"menu_order":0,"comment_status":"closed","ping_status":"closed","template":"","meta":{"footnotes":""},"class_list":["post-129","page","type-page","status-publish","hentry"],"_links":{"self":[{"href":"https:\/\/www.ugaldemoda.com\/index.php\/wp-json\/wp\/v2\/pages\/129","targetHints":{"allow":["GET"]}}],"collection":[{"href":"https:\/\/www.ugaldemoda.com\/index.php\/wp-json\/wp\/v2\/pages"}],"about":[{"href":"https:\/\/www.ugaldemoda.com\/index.php\/wp-json\/wp\/v2\/types\/page"}],"author":[{"embeddable":true,"href":"https:\/\/www.ugaldemoda.com\/index.php\/wp-json\/wp\/v2\/users\/1"}],"replies":[{"embeddable":true,"href":"https:\/\/www.ugaldemoda.com\/index.php\/wp-json\/wp\/v2\/comments?post=129"}],"version-history":[{"count":7,"href":"https:\/\/www.ugaldemoda.com\/index.php\/wp-json\/wp\/v2\/pages\/129\/revisions"}],"predecessor-version":[{"id":140,"href":"https:\/\/www.ugaldemoda.com\/index.php\/wp-json\/wp\/v2\/pages\/129\/revisions\/140"}],"wp:attachment":[{"href":"https:\/\/www.ugaldemoda.com\/index.php\/wp-json\/wp\/v2\/media?parent=129"}],"curies":[{"name":"wp","href":"https:\/\/api.w.org\/{rel}","templated":true}]}}