{"id":3,"date":"2024-09-28T08:13:26","date_gmt":"2024-09-28T08:13:26","guid":{"rendered":"http:\/\/www.ugaldemoda.com\/?page_id=3"},"modified":"2024-09-28T21:22:33","modified_gmt":"2024-09-28T21:22:33","slug":"politica-privacidad","status":"publish","type":"page","link":"https:\/\/www.ugaldemoda.com\/index.php\/politica-privacidad\/","title":{"rendered":"Pol\u00edtica de privacidad"},"content":{"rendered":"\n<h2 class=\"wp-block-heading\">En cumplimiento del Cap\u00edtulo II de la ley 34\/2002, informamos que la presente WEB (<strong><em><u>www.ugaldemoda.com<\/u><\/em><\/strong>) es propiedad de <strong>Juan Teller\u00eda Ugalde y otros C.B.<\/strong><strong>, <\/strong>CIF: E75106658, con domicilio fiscal en&nbsp; Plaza Zaragoza N\u00ba 2, 20007 &#8211; DONOSTIA-SAN SEBASTIAN (Gipuzkoa).<\/h2>\n\n\n\n<p><strong>UGALDE MODA<\/strong>, velar\u00e1, en todo momento, por el fiel cumplimiento de la normativa actual sobre Protecci\u00f3n de datos de Car\u00e1cter Personal y la Ley sobre Comercio Electr\u00f3nico (LSSICE), as\u00ed como de las posibles actualizaciones y nuevas normativas que pudieran aparecer al respecto.<\/p>\n\n\n\n<p><strong><u>CONTENIDO DE LA WEB, T\u00c9RMINOS LEGALES Y RESPONSABILIDADES<\/u><\/strong><\/p>\n\n\n\n<p>Los contenidos de la Web elaborados por el titular de la misma y\/o sus colaboradores, tienen fines meramente informativos, por lo que no pueden ser considerados, en ning\u00fan caso, como sustitutivos de cualquier tipo de asesoramiento profesional. De esta forma, <strong>UGALDE MODA<\/strong><strong>, <\/strong>no se hace responsable ante cualquier da\u00f1o o perjuicio que pudiera sufrir el Usuario como consecuencia de errores, defectos u omisiones, en la informaci\u00f3n facilitada a trav\u00e9s de la misma.<\/p>\n\n\n\n<p><strong>UGALDE MODA<\/strong> se reserva el derecho a actualizar, modificar o eliminar la informaci\u00f3n contenida en su Web, sin notificaci\u00f3n previa, pudiendo incluso limitar o no permitir el acceso a dicha informaci\u00f3n.<\/p>\n\n\n\n<p>La presencia de enlaces (&#8220;links&#8221;) en la Web (en el caso de que existan) tiene una finalidad meramente informativa y en ning\u00fan caso supone sugerencia, invitaci\u00f3n o reconocimiento sobre los mismos.<\/p>\n\n\n\n<p><strong>UGALDE MODA<\/strong> no responde de la veracidad de las informaciones que no sean de elaboraci\u00f3n propia ni de la informaci\u00f3n contenida en p\u00e1ginas Webs de terceros a las que se pueda acceder por &#8220;links&#8221; por lo que tampoco asume responsabilidad alguna en cuanto a hipot\u00e9ticos perjuicios que pudieran originarse por el uso de dicha informaci\u00f3n.<\/p>\n\n\n\n<p><strong>UGALDE MODA<\/strong> aunque se preocupa del correcto funcionamiento de la presente Web, no garantiza ni la rapidez, ni la ininterrupci\u00f3n, ni la ausencia de virus u otros elementos lesivos, que pudieran causar da\u00f1os o alteraciones en el sistema inform\u00e1tico, documentos electr\u00f3nicos o ficheros del Usuario. En consecuencia, <strong>UGALDE MODA<\/strong>, no responde por los da\u00f1os y perjuicios que tales elementos pudieran ocasionar al Usuario o a terceros.<\/p>\n\n\n\n<p>Asimismo, <strong>UGALDE MODA<\/strong>, sus colaboradores, socios, empleados y\/o representantes, tampoco podr\u00e1n ser considerados responsables por cualquier da\u00f1o derivado de la utilizaci\u00f3n de la presente Web, ni por cualquier actuaci\u00f3n realizada sobre la base de la informaci\u00f3n que en ella se facilita.<\/p>\n\n\n\n<p><strong><u>PROPIEDAD INTELECTUAL E INDUSTRIAL DE LOS CONTENIDOS DE LA WEB<\/u><\/strong><\/p>\n\n\n\n<p>Los derechos de propiedad intelectual de la totalidad de los contenidos de esta Web, (textos, im\u00e1genes, dise\u00f1o, etc.), son propiedad de <strong>UGALDE MODA<\/strong><strong> <\/strong>o en su caso dispone de licencia o autorizaci\u00f3n expresa por parte de los autores.<\/p>\n\n\n\n<p>Queda prohibida toda reproducci\u00f3n, distribuci\u00f3n, transformaci\u00f3n, presentaci\u00f3n, total o parcial, del contenido de la Web o de alguno de sus elementos, con un fin comercial, aun citando la fuente, siempre que no se cuente con la autorizaci\u00f3n expresa y por escrito de <strong>UGALDE MODA<\/strong><\/p>\n\n\n\n<p>Se autoriza el almacenamiento y reproducci\u00f3n temporal de alguno o algunos de los contenidos de la Web, con el prop\u00f3sito de ser utilizados con un fin puramente personal<\/p>\n\n\n\n<p>Todos los nombres comerciales, logos, marcas o signos distintos de cualquier clase contenidos en la presente Web, son propiedad de sus due\u00f1os y est\u00e1n protegidos por ley.<\/p>\n\n\n\n<p><strong><u>POL\u00cdTICA DE PRIVACIDAD.<\/u><\/strong><\/p>\n\n\n\n<p>Los datos suministrados voluntariamente por el Usuario (bien a trav\u00e9s del formulario de contacto, mediante el env\u00edo de un correo postal\/electr\u00f3nico o a trav\u00e9s de una llamada telef\u00f3nica), podr\u00e1n ser recogidos y tratados bajo responsabilidad de <strong><u>UGALDE MODA<\/u><\/strong><strong><u>,<\/u><\/strong> &nbsp;conforme a las limitaciones y los derechos contenidos en normativa en vigor sobre Protecci\u00f3n de Datos de Car\u00e1cter Personal y con la finalidad de poder atender su solicitud y ofrecerle informaci\u00f3n sobre nuestros productos y servicios.<\/p>\n\n\n\n<p>El Usuario garantiza y responde, en cualquier caso, de la exactitud, vigencia y autenticidad de los datos personales facilitados, y se compromete a mantenerlos debidamente actualizados, exonerando a <strong>UGALDE MODA<\/strong><strong> <\/strong>de cualquier responsabilidad al respecto.<\/p>\n\n\n\n<p>Al aceptar el env\u00edo de comunicaciones comerciales al realizar una consulta, el Usuario\/Cliente autoriza a <strong>UGALDE MODA<\/strong><strong> <\/strong>a conservar sus datos para poderle mantener informado sobre cualquier cuesti\u00f3n relacionada con su consulta y\/o actividad de la empresa, pudiendo revocar su autorizaci\u00f3n cunado lo desee. En caso contrario, una vez sea respondida su consulta, sus datos ser\u00e1n destruidos.<\/p>\n\n\n\n<p>En la medida que <strong>el Usuario\/Cliente<\/strong> facilite su correo electr\u00f3nico o tel\u00e9fono m\u00f3vil, <strong>autoriza<\/strong> a que sea utilizado como medio de contacto as\u00ed como para el env\u00edo de informaci\u00f3n comercial relacionada con su consulta o solicitud y\/o con la actividad de la empresa<strong>, <\/strong>pudiendo, <strong>en cualquier momento, revocar dicha autorizaci\u00f3n<\/strong>.<\/p>\n\n\n\n<p>En el caso de que llegara a establecerse una relaci\u00f3n entre ambas partes, <strong>UGALDE MODA<\/strong><strong> garantiza <\/strong>que el tratamiento de cualquier tipo de dato de car\u00e1cter personal, facilitado voluntariamente por el Usuario\/Cliente, ser\u00e1 realizado con su autorizaci\u00f3n expresa, cumpliendo, escrupulosamente, tanto la normativa de Protecci\u00f3n de Datos como cualquier otra ley relacionada con la actividad, que as\u00ed lo regule.<\/p>\n\n\n\n<p>Jam\u00e1s <strong>UGALDE MODA <\/strong>realizar\u00e1 ninguna cesi\u00f3n de los datos relacionados con el Usuario\/Cliente a terceros sin haberle, previamente, informado y solicitado consentimiento expreso, salvo en los supuestos marcados en las leyes que as\u00ed lo regulen. <\/p>\n\n\n\n<p>Para el tratamiento de los datos recogidos y tratados por&nbsp; <strong>UGALDE MODA<\/strong><strong>, <\/strong>se han adoptado todas las medidas de seguridad, t\u00e9cnicas y organizativas, consideradas adecuadas para garantizar la privacidad de los mismos, evitar su p\u00e9rdida, mal uso, alteraci\u00f3n, acceso no autorizado y\/o sustracci\u00f3n y el cumplimiento de la normativa de Protecci\u00f3n de Datos de Car\u00e1cter Personal.<\/p>\n\n\n\n<p>Cualquier persona tiene derecho a obtener confirmaci\u00f3n sobre si en <strong>UGALDE MODA<\/strong><strong> <\/strong>se tratan datos personales que les conciernan, o no.<\/p>\n\n\n\n<p>En este sentido, <strong>la normativa de Protecci\u00f3n de Datos, reconoce a<\/strong> <strong>las personas,<\/strong> <strong>su derecho a:<\/strong><\/p>\n\n\n\n<ul class=\"wp-block-list\">\n<li><strong>acceder<\/strong> a los datos personales que <strong>UGALDE MODA<\/strong> tenga y trate, relacionados con ellas, as\u00ed como <strong>a solicitar la rectificaci\u00f3n<\/strong> de los datos inexactos o, en su caso, <strong>solicitar su supresi\u00f3n<\/strong> cuando, entre otros motivos, los datos ya no sean necesarios para los fines que fueron recogidos.<\/li>\n<\/ul>\n\n\n\n<ul class=\"wp-block-list\">\n<li><strong>solicitar la limitaci\u00f3n del tratamiento de sus datos<\/strong>, en determinadas circunstancias, en cuyo caso \u00fanicamente los <strong>UGALDE MODA<\/strong><strong> <\/strong>los conservar\u00e1 para el ejercicio o la defensa de reclamaciones.<\/li>\n<\/ul>\n\n\n\n<ul class=\"wp-block-list\">\n<li><strong>oponerse a que\u00a0 <\/strong><strong>UGALDE MODA<\/strong><strong> realice alguno de los tratamientos sobre de sus datos, para el que en su d\u00eda dio autorizaci\u00f3n, \u00a0<\/strong>siempre que no existan motivos legales para seguir realiz\u00e1ndolo<\/li>\n<\/ul>\n\n\n\n<ul class=\"wp-block-list\">\n<li><strong>recibir los datos personales<\/strong> que haya facilitado a <strong>UGALDE MODA<\/strong> y que sean tratados de forma automatizada, <strong>en un formato estructurado<\/strong>, de uso com\u00fan y lectura mec\u00e1nica, y a \u00a0que sean transmitidos a otro responsable del tratamiento, en determinadas circunstancias<\/li>\n<\/ul>\n\n\n\n<p>El Usuario\/Cliente (o su representante legal)podr\u00e1 ejercer cualquiera de sus derechos, dirigiendo su solicitud por correo ordinario al domicilio social de&nbsp; <strong>UGALDE MODA<\/strong><strong>, <\/strong>Plaza Zaragoza N\u00ba 2, 20007 DONOSTIA-SAN SEBASTIAN (Gipuzkoa) o enviando un correo electr\u00f3nico a la direcci\u00f3n <strong>ugalde@ugaldemoda.com<\/strong>,&nbsp; indicando (en ambos casos) \u201c<strong>Asunto Derechos A.R.C.L.O.P.<\/strong>\u201d y adjuntando fotocopia de un documento legal que acredite su identidad, tal y como indica la normativa sobre este tema.<\/p>\n\n\n\n<p>En el caso de que el Usuario\/Cliente considere que no han sido bien atendidos sus derechos, puede a acudir a la autoridad de control competente sobre la materia (Agencia de Protecci\u00f3n de Datos \uf0e0 www.agpd.es)<\/p>\n\n\n\n<p>Bien por solicitud expresa del propio Usuario\/Cliente o una vezdejen de ser necesarios para la finalidad para la que fueron recogidos, se proceder\u00e1 a cancelar sus datos, conservando exclusivamente aquellos datos necesarios para el cumplimiento de las obligaciones y responsabilidades legales (en el caso que existieran), durante el tiempo que \u00e9stas duren.<\/p>\n\n\n\n<p><strong><u>LEGISLACI\u00d3N<\/u><\/strong><\/p>\n\n\n\n<p>Las presentes condiciones de uso se rigen por la Legislaci\u00f3n espa\u00f1ola, siendo competentes los Juzgados y Tribunales de Gipuzkoa para conocer de cuantas cuestiones se susciten sobre la interpretaci\u00f3n, aplicaci\u00f3n y cumplimiento de las mismas. El Usuario\/Cliente, por virtud de su aceptaci\u00f3n a las condiciones generales recogidas en este aviso legal, renuncian expresamente a cualquier fuero que, por aplicaci\u00f3n de la Ley de Enjuiciamiento Civil vigente, pudiera corresponderles.<\/p>\n\n\n\n<p><strong><u>USO Y ACCESO DE USUARIOS\/CLIENTES<\/u><\/strong><strong><u><\/u><\/strong><\/p>\n\n\n\n<p>El Usuario\/Cliente, cuando accede a la Web, lo hace voluntariamente, por su propia cuenta y riesgo.<\/p>\n\n\n\n<p>El Usuario\/Cliente queda informado, y acepta, que el acceso a la Web significa la aceptaci\u00f3n de la presente Pol\u00edtica de Privacidad y condiciones de uso de la misma.<\/p>\n\n\n\n<p><strong>UGALDE MODA<\/strong><strong> <\/strong>est\u00e1 en su derecho de modificar alg\u00fan aspecto de su Pol\u00edtica de Privacidad, para adaptarla a novedades legislativas, jurisprudenciales y\/o administrativas, as\u00ed como a las necesidades que pudieran surgir de cara a un correcto tratamiento de los datos.<\/p>\n\n\n\n<p>Por esta raz\u00f3n, se recomienda a los Usuarios\/Clientes, que antes de enviar sus datos, consulten el contenido de la Pol\u00edtica de Privacidad<\/p>\n","protected":false},"excerpt":{"rendered":"<p>En cumplimiento del Cap\u00edtulo II de la ley 34\/2002, informamos que la presente WEB (www.ugaldemoda.com) es propiedad de Juan Teller\u00eda Ugalde y otros C.B., CIF: E75106658, con domicilio fiscal en&nbsp; Plaza Zaragoza N\u00ba 2, 20007 &#8211; DONOSTIA-SAN SEBASTIAN (Gipuzkoa). UGALDE MODA, velar\u00e1, en todo momento, por el fiel cumplimiento de la normativa actual sobre Protecci\u00f3n [&hellip;]<\/p>\n","protected":false},"author":1,"featured_media":0,"parent":0,"menu_order":0,"comment_status":"closed","ping_status":"open","template":"","meta":{"footnotes":""},"class_list":["post-3","page","type-page","status-publish","hentry"],"_links":{"self":[{"href":"https:\/\/www.ugaldemoda.com\/index.php\/wp-json\/wp\/v2\/pages\/3","targetHints":{"allow":["GET"]}}],"collection":[{"href":"https:\/\/www.ugaldemoda.com\/index.php\/wp-json\/wp\/v2\/pages"}],"about":[{"href":"https:\/\/www.ugaldemoda.com\/index.php\/wp-json\/wp\/v2\/types\/page"}],"author":[{"embeddable":true,"href":"https:\/\/www.ugaldemoda.com\/index.php\/wp-json\/wp\/v2\/users\/1"}],"replies":[{"embeddable":true,"href":"https:\/\/www.ugaldemoda.com\/index.php\/wp-json\/wp\/v2\/comments?post=3"}],"version-history":[{"count":1,"href":"https:\/\/www.ugaldemoda.com\/index.php\/wp-json\/wp\/v2\/pages\/3\/revisions"}],"predecessor-version":[{"id":167,"href":"https:\/\/www.ugaldemoda.com\/index.php\/wp-json\/wp\/v2\/pages\/3\/revisions\/167"}],"wp:attachment":[{"href":"https:\/\/www.ugaldemoda.com\/index.php\/wp-json\/wp\/v2\/media?parent=3"}],"curies":[{"name":"wp","href":"https:\/\/api.w.org\/{rel}","templated":true}]}}